{"id":54,"date":"2024-04-08T12:15:37","date_gmt":"2024-04-08T10:15:37","guid":{"rendered":"https:\/\/agape-vercors.fr\/?page_id=54"},"modified":"2026-04-07T21:53:19","modified_gmt":"2026-04-07T19:53:19","slug":"54-2","status":"publish","type":"page","link":"https:\/\/agape-vercors.fr\/","title":{"rendered":"Assembl\u00e9e Protestante \u00c9vang\u00e9lique Agap\u00e9 du Vercors"},"content":{"rendered":"\n<div class=\"wp-block-cover\" style=\"min-height:430px;aspect-ratio:unset;\"><img loading=\"lazy\" decoding=\"async\" width=\"724\" height=\"1024\" class=\"wp-block-cover__image-background wp-image-311 size-large\" alt=\"\" src=\"https:\/\/agape-vercors.fr\/wp-content\/uploads\/2026\/04\/Oeuvre-artiste-724x1024.webp\" style=\"object-position:86% 42%\" data-object-fit=\"cover\" data-object-position=\"86% 42%\" srcset=\"https:\/\/agape-vercors.fr\/wp-content\/uploads\/2026\/04\/Oeuvre-artiste-724x1024.webp 724w, https:\/\/agape-vercors.fr\/wp-content\/uploads\/2026\/04\/Oeuvre-artiste-212x300.webp 212w, https:\/\/agape-vercors.fr\/wp-content\/uploads\/2026\/04\/Oeuvre-artiste-768x1086.webp 768w, https:\/\/agape-vercors.fr\/wp-content\/uploads\/2026\/04\/Oeuvre-artiste.webp 794w\" sizes=\"auto, (max-width: 724px) 100vw, 724px\" \/><span aria-hidden=\"true\" class=\"wp-block-cover__background has-background-dim\" style=\"background-color:#757259\"><\/span><div class=\"wp-block-cover__inner-container is-layout-constrained wp-block-cover-is-layout-constrained\">\n<p class=\"has-text-align-center has-white-color has-text-color has-link-color has-large-font-size wp-elements-529b316c65189aacd734a3b268b42161\"><strong>Exposition \u00ab\u00a0Entre deux infinis\u00a0\u00bb<br>17 avril &#8211; 10 mai 2026<br>mercredi au dimanche de 15h \u00e0 18h<br>Entr\u00e9e libre<\/strong><\/p>\n\n\n\n<p class=\"has-text-align-center has-white-color has-text-color has-link-color has-medium-font-size wp-elements-1035ccb07553576b3569dda9a8c894a3\"><a href=\"https:\/\/agape-vercors.fr\/index.php\/actualites\/\" data-type=\"page\" data-id=\"294\">Plus d&rsquo;informations dans la rubrique \u00ab\u00a0actualit\u00e9s\u00a0\u00bb<\/a><br><\/p>\n<\/div><\/div>\n\n\n\n<p><\/p>\n\n\n\n<figure class=\"wp-block-gallery has-nested-images columns-default is-cropped wp-block-gallery-1 is-layout-flex wp-block-gallery-is-layout-flex\">\n<figure class=\"wp-block-image size-full\"><img loading=\"lazy\" decoding=\"async\" width=\"867\" height=\"415\" data-id=\"204\" src=\"https:\/\/agape-vercors.fr\/wp-content\/uploads\/2024\/04\/enseigne-moucherolle.jpg\" alt=\"\" class=\"wp-image-204\" srcset=\"https:\/\/agape-vercors.fr\/wp-content\/uploads\/2024\/04\/enseigne-moucherolle.jpg 867w, https:\/\/agape-vercors.fr\/wp-content\/uploads\/2024\/04\/enseigne-moucherolle-300x144.jpg 300w, https:\/\/agape-vercors.fr\/wp-content\/uploads\/2024\/04\/enseigne-moucherolle-768x368.jpg 768w\" sizes=\"auto, (max-width: 867px) 100vw, 867px\" \/><\/figure>\n<\/figure>\n\n\n\n<div class=\"wp-block-columns are-vertically-aligned-top is-layout-flex wp-container-core-columns-is-layout-9d6595d7 wp-block-columns-is-layout-flex\">\n<div class=\"wp-block-column is-vertically-aligned-top is-layout-flow wp-block-column-is-layout-flow\" style=\"flex-basis:100%\">\n<figure class=\"wp-block-gallery has-nested-images columns-default is-cropped wp-block-gallery-2 is-layout-flex wp-block-gallery-is-layout-flex\">\n<figure class=\"wp-block-image alignwide size-large\"><img loading=\"lazy\" decoding=\"async\" width=\"1024\" height=\"576\" data-id=\"209\" src=\"https:\/\/agape-vercors.fr\/wp-content\/uploads\/2024\/04\/VideoCapture_20231012-112104-1024x576.jpg\" alt=\"\" class=\"wp-image-209\" srcset=\"https:\/\/agape-vercors.fr\/wp-content\/uploads\/2024\/04\/VideoCapture_20231012-112104-1024x576.jpg 1024w, https:\/\/agape-vercors.fr\/wp-content\/uploads\/2024\/04\/VideoCapture_20231012-112104-300x169.jpg 300w, https:\/\/agape-vercors.fr\/wp-content\/uploads\/2024\/04\/VideoCapture_20231012-112104-768x432.jpg 768w, https:\/\/agape-vercors.fr\/wp-content\/uploads\/2024\/04\/VideoCapture_20231012-112104-1536x864.jpg 1536w, https:\/\/agape-vercors.fr\/wp-content\/uploads\/2024\/04\/VideoCapture_20231012-112104-800x450.jpg 800w, https:\/\/agape-vercors.fr\/wp-content\/uploads\/2024\/04\/VideoCapture_20231012-112104.jpg 1920w\" sizes=\"auto, (max-width: 1024px) 100vw, 1024px\" \/><\/figure>\n\n\n\n<figure class=\"wp-block-image size-large\"><img loading=\"lazy\" decoding=\"async\" width=\"1024\" height=\"576\" data-id=\"208\" src=\"https:\/\/agape-vercors.fr\/wp-content\/uploads\/2024\/04\/VideoCapture_20231012-112308-1024x576.jpg\" alt=\"\" class=\"wp-image-208\" srcset=\"https:\/\/agape-vercors.fr\/wp-content\/uploads\/2024\/04\/VideoCapture_20231012-112308-1024x576.jpg 1024w, https:\/\/agape-vercors.fr\/wp-content\/uploads\/2024\/04\/VideoCapture_20231012-112308-300x169.jpg 300w, https:\/\/agape-vercors.fr\/wp-content\/uploads\/2024\/04\/VideoCapture_20231012-112308-768x432.jpg 768w, https:\/\/agape-vercors.fr\/wp-content\/uploads\/2024\/04\/VideoCapture_20231012-112308-1536x864.jpg 1536w, https:\/\/agape-vercors.fr\/wp-content\/uploads\/2024\/04\/VideoCapture_20231012-112308-800x450.jpg 800w, https:\/\/agape-vercors.fr\/wp-content\/uploads\/2024\/04\/VideoCapture_20231012-112308.jpg 1920w\" sizes=\"auto, (max-width: 1024px) 100vw, 1024px\" \/><\/figure>\n\n\n\n<figure class=\"wp-block-image size-large\"><img loading=\"lazy\" decoding=\"async\" width=\"1024\" height=\"683\" data-id=\"19\" src=\"https:\/\/agape-vercors.fr\/wp-content\/uploads\/2024\/03\/st-matthieu-1024x683.jpg\" alt=\"Une bible ouverte sur l'\u00e9vangile selon matthieu\" class=\"wp-image-19\" srcset=\"https:\/\/agape-vercors.fr\/wp-content\/uploads\/2024\/03\/st-matthieu-1024x683.jpg 1024w, https:\/\/agape-vercors.fr\/wp-content\/uploads\/2024\/03\/st-matthieu-300x200.jpg 300w, https:\/\/agape-vercors.fr\/wp-content\/uploads\/2024\/03\/st-matthieu-768x512.jpg 768w, https:\/\/agape-vercors.fr\/wp-content\/uploads\/2024\/03\/st-matthieu.jpg 1200w\" sizes=\"auto, (max-width: 1024px) 100vw, 1024px\" \/><\/figure>\n<\/figure>\n<\/div>\n<\/div>\n","protected":false},"excerpt":{"rendered":"","protected":false},"author":1,"featured_media":0,"parent":0,"menu_order":0,"comment_status":"closed","ping_status":"closed","template":"","meta":{"ocean_post_layout":"full-width","ocean_both_sidebars_style":"","ocean_both_sidebars_content_width":0,"ocean_both_sidebars_sidebars_width":0,"ocean_sidebar":"","ocean_second_sidebar":"","ocean_disable_margins":"enable","ocean_add_body_class":"","ocean_shortcode_before_top_bar":"","ocean_shortcode_after_top_bar":"","ocean_shortcode_before_header":"","ocean_shortcode_after_header":"","ocean_has_shortcode":"","ocean_shortcode_after_title":"","ocean_shortcode_before_footer_widgets":"","ocean_shortcode_after_footer_widgets":"","ocean_shortcode_before_footer_bottom":"","ocean_shortcode_after_footer_bottom":"","ocean_display_top_bar":"default","ocean_display_header":"default","ocean_header_style":"","ocean_center_header_left_menu":"","ocean_custom_header_template":"","ocean_custom_logo":0,"ocean_custom_retina_logo":0,"ocean_custom_logo_max_width":0,"ocean_custom_logo_tablet_max_width":0,"ocean_custom_logo_mobile_max_width":0,"ocean_custom_logo_max_height":0,"ocean_custom_logo_tablet_max_height":0,"ocean_custom_logo_mobile_max_height":0,"ocean_header_custom_menu":"","ocean_menu_typo_font_family":"","ocean_menu_typo_font_subset":"","ocean_menu_typo_font_size":0,"ocean_menu_typo_font_size_tablet":0,"ocean_menu_typo_font_size_mobile":0,"ocean_menu_typo_font_size_unit":"px","ocean_menu_typo_font_weight":"","ocean_menu_typo_font_weight_tablet":"","ocean_menu_typo_font_weight_mobile":"","ocean_menu_typo_transform":"","ocean_menu_typo_transform_tablet":"","ocean_menu_typo_transform_mobile":"","ocean_menu_typo_line_height":0,"ocean_menu_typo_line_height_tablet":0,"ocean_menu_typo_line_height_mobile":0,"ocean_menu_typo_line_height_unit":"","ocean_menu_typo_spacing":0,"ocean_menu_typo_spacing_tablet":0,"ocean_menu_typo_spacing_mobile":0,"ocean_menu_typo_spacing_unit":"","ocean_menu_link_color":"","ocean_menu_link_color_hover":"","ocean_menu_link_color_active":"","ocean_menu_link_background":"","ocean_menu_link_hover_background":"","ocean_menu_link_active_background":"","ocean_menu_social_links_bg":"","ocean_menu_social_hover_links_bg":"","ocean_menu_social_links_color":"","ocean_menu_social_hover_links_color":"","ocean_disable_title":"default","ocean_disable_heading":"default","ocean_post_title":"Assembl\u00e9e Protestante \u00c9vang\u00e9lique du Vercors","ocean_post_subheading":"","ocean_post_title_style":"","ocean_post_title_background_color":"","ocean_post_title_background":0,"ocean_post_title_bg_image_position":"","ocean_post_title_bg_image_attachment":"","ocean_post_title_bg_image_repeat":"","ocean_post_title_bg_image_size":"","ocean_post_title_height":0,"ocean_post_title_bg_overlay":0.5,"ocean_post_title_bg_overlay_color":"","ocean_disable_breadcrumbs":"default","ocean_breadcrumbs_color":"","ocean_breadcrumbs_separator_color":"","ocean_breadcrumbs_links_color":"","ocean_breadcrumbs_links_hover_color":"","ocean_display_footer_widgets":"default","ocean_display_footer_bottom":"default","ocean_custom_footer_template":"","footnotes":""},"class_list":["post-54","page","type-page","status-publish","hentry","entry"],"_links":{"self":[{"href":"https:\/\/agape-vercors.fr\/index.php\/wp-json\/wp\/v2\/pages\/54","targetHints":{"allow":["GET"]}}],"collection":[{"href":"https:\/\/agape-vercors.fr\/index.php\/wp-json\/wp\/v2\/pages"}],"about":[{"href":"https:\/\/agape-vercors.fr\/index.php\/wp-json\/wp\/v2\/types\/page"}],"author":[{"embeddable":true,"href":"https:\/\/agape-vercors.fr\/index.php\/wp-json\/wp\/v2\/users\/1"}],"replies":[{"embeddable":true,"href":"https:\/\/agape-vercors.fr\/index.php\/wp-json\/wp\/v2\/comments?post=54"}],"version-history":[{"count":21,"href":"https:\/\/agape-vercors.fr\/index.php\/wp-json\/wp\/v2\/pages\/54\/revisions"}],"predecessor-version":[{"id":319,"href":"https:\/\/agape-vercors.fr\/index.php\/wp-json\/wp\/v2\/pages\/54\/revisions\/319"}],"wp:attachment":[{"href":"https:\/\/agape-vercors.fr\/index.php\/wp-json\/wp\/v2\/media?parent=54"}],"curies":[{"name":"wp","href":"https:\/\/api.w.org\/{rel}","templated":true}]}}