{"id":32,"date":"2024-03-24T21:21:56","date_gmt":"2024-03-24T20:21:56","guid":{"rendered":"https:\/\/agape-vercors.fr\/?page_id=32"},"modified":"2024-10-08T21:18:49","modified_gmt":"2024-10-08T19:18:49","slug":"ce-que-nous-croyons","status":"publish","type":"page","link":"https:\/\/agape-vercors.fr\/index.php\/ce-que-nous-croyons\/","title":{"rendered":"Qui sommes-Nous ?"},"content":{"rendered":"\n<h2 class=\"wp-block-heading\">Agap\u00e9 du Vercors est une \u00c9glise<\/h2>\n\n\n\n<p>Il s\u02bcagit d\u02bcune Eglise chr\u00e9tienne chr\u00e9tienne de confession protestante, admettant les grands principes de la R\u00e9forme du XVI\u00b0 si\u00e8cle, \u00e0 savoir que :<\/p>\n\n\n\n<ul class=\"wp-block-list\">\n<li>Dieu accorde sa gr\u00e2ce \u00e0 toutes celles et ceux qui se tournent vers lui\n<ul class=\"wp-block-list\">\n<li><strong>\u00ab par J\u00e9sus-Christ seul \u00bb<\/strong>, par le don de sa vie, sa mort et sa r\u00e9surrection<\/li>\n\n\n\n<li><strong>\u00ab par la foi seule \u00bb<\/strong>, sur la simple base de la confi ance qu\u02bcon lui accorde<\/li>\n\n\n\n<li><strong>\u00ab par sa seule gr\u00e2ce \u00bb<\/strong>, gratuitement et par amour<\/li>\n\n\n\n<li><strong>\u00ab pour la seule gloire de Dieu \u00bb<\/strong>, tout m\u00e9rite n\u02bcen revenant qu\u02bc\u00e0 lui<\/li>\n<\/ul>\n<\/li>\n\n\n\n<li>\u00ab l\u2019\u00c9criture\/la Bible seule \u00bb sert de r\u00e9f\u00e9rence pour comprendre le message que Dieu adresse \u00e0 tous<\/li>\n\n\n\n<li>l\u2019\u00c9glise vit d\u02bcune remise en question permanente \u00e0 la lumi\u00e8re de la Bible, sur son fonctionnement et sa doctrine<\/li>\n\n\n\n<li>chaque personne y a une place et une fonction importante<\/li>\n<\/ul>\n\n\n\n<p>Elle fait partie du <strong>courant \u00e9vang\u00e9lique<\/strong>, qui consid\u00e8re comme essentiels :<\/p>\n\n\n\n<ul class=\"wp-block-list\">\n<li>la <strong>Bible<\/strong> en tant que source unique et fi able d\u02bcautorit\u00e9<\/li>\n\n\n\n<li>le <strong>don de Christ<\/strong>, sa vie, son enseignement, sa mort, et sa r\u00e9surrection<\/li>\n\n\n\n<li>la <strong>d\u00e9marche individuelle<\/strong>, qui conduit \u00e0 croire et d\u00e9velopper une relation personnelle avec Dieu<\/li>\n\n\n\n<li>l\u02bc<strong>engagement communautaire<\/strong>, o\u00f9 chaque membre a un r\u00f4le \u00e0 jouer<\/li>\n<\/ul>\n\n\n\n<p>Elle est membre des CAEF (Communaut\u00e9s et Assembl\u00e9e \u00c9vang\u00e9lique de France) ainsi que du CNEF (Conseil National des \u00c9vang\u00e9liques de France) qui rassemble des \u00e9glises \u00e9vang\u00e9liques de diff\u00e9rentes sensibilit\u00e9s. Ses membres sont des chr\u00e9tiens dits \u00ab professants \u00bb qui t\u00e9moignent d\u02bcune foi personnelle, et qui ont \u00e0 c\u0153ur :<\/p>\n\n\n\n<ul class=\"wp-block-list\">\n<li>la <strong>coh\u00e9rence<\/strong> entre vie personnelle et convictions appuy\u00e9es sur la Bible<\/li>\n\n\n\n<li>la <strong>solidarit\u00e9<\/strong> et <strong>l\u02bcencouragement<\/strong> r\u00e9ciproque<\/li>\n\n\n\n<li>le <strong>partage<\/strong> de la foi en J\u00e9sus-Christ<\/li>\n\n\n\n<li>les <strong>questions sociales<\/strong> et la <strong>vie locale<\/strong><\/li>\n\n\n\n<li>l\u02bcouverture et le dialogue avec les autres<\/li>\n\n\n\n<li>dans le <strong>respect de tous<\/strong><\/li>\n<\/ul>\n\n\n\n<p>Ils sont conscients de leurs faiblesses et de leurs difficult\u00e9s diverses \u00e0 s&rsquo;entendre, s\u02bcentraider, accepter l\u02bcautre dans sa diff\u00e9rence\u2026 mais ils sont<br>d\u00e9sireux de relever le d\u00e9fi du plus grand commandement et du second qui lui est semblable :<\/p>\n\n\n\n<blockquote class=\"wp-block-quote has-text-align-center is-layout-flow wp-block-quote-is-layout-flow\">\n<p class=\"has-text-align-center\">\u00ab Tu aimeras le Seigneur, ton Dieu, de tout ton c\u0153ur,<br>de toute ton \u00e2me et de toute ta pens\u00e9e et de toute ta force.<br>Tu aimeras ton prochain comme toi-m\u00eame. Il n\u02bcy a pas<br>de commandement plus important que ceux-l\u00e0. \u00bb<\/p>\n\n\n\n<p>\u00c9vangile de Marc 12.30-31<\/p>\n<\/blockquote>\n\n\n\n<h2 class=\"wp-block-heading\">Ce b\u00e2timent est un lieu de culte<\/h2>\n\n\n\n<p>L\u02bcAssembl\u00e9e Protestante Evang\u00e9lique Agap\u00e9 du Vercors est issue d\u02bcun groupe d\u02bchabitants des 4 Montagnes qui fr\u00e9quentaient initialement diff\u00e9rentes \u00e9glises grenobloises. Ils se sont d\u02bcabord regroup\u00e9s et r\u00e9unis en \u00ab \u00e9glise de maison \u00bb, les rencontres ayant lieu dans les foyers des uns et des autres.<\/p>\n\n\n\n<p><br>Ils se sont ensuite d\u00e9clar\u00e9s en association cultuelle (loi 1905), membre des Communaut\u00e9s et Assembl\u00e9es Evang\u00e9liques de France (CAEF), se r\u00e9unissant dans des salles priv\u00e9es ou municipales mises \u00e0 leur disposition le dimanche et pour des \u00e9v\u00e8nements ponctuels.<br>Ils ont acquis ce terrain en 2003 avec des fonds issus des dons des membres et sympathisants. La construction a d\u00e9but\u00e9 en 2005 financ\u00e9e par les dons des membres, amis et f\u00e9d\u00e9rations, et effectu\u00e9e pour l\u02bcessentiel \u00ab en auto-construction \u00bb par des b\u00e9n\u00e9voles locaux. Le b\u00e2timent a \u00e9t\u00e9 inaugur\u00e9 en novembre 2006. Il est g\u00e9r\u00e9 et entretenu par les membres de l\u02bcassembl\u00e9e. Celle-ci fonctionne sur un mode coll\u00e9gial et autonome, en r\u00e9seau avec les autres Communaut\u00e9s et Assembl\u00e9es Evang\u00e9liques de France et \u00e9glises membres du CNEF.<\/p>\n\n\n\n<p>Ce lieu est destin\u00e9 :<\/p>\n\n\n\n<ul class=\"wp-block-list\">\n<li>aux cultes communautaires, qui ont habituellement lieu les dimanches matins<\/li>\n\n\n\n<li>aux c\u00e9r\u00e9monies de bapt\u00eames, mariages, obs\u00e8ques<\/li>\n\n\n\n<li>\u00e0 l\u02bcenseignement et au partage biblique<\/li>\n\n\n\n<li>\u00e0 l\u02bc\u00e9coute et la pri\u00e8re<\/li>\n\n\n\n<li>aux rencontres conviviales<\/li>\n\n\n\n<li>\u00e0 l\u02bcaccueil et au dialogue dans le respect du parcours et du cheminement<br>de chacun<\/li>\n<\/ul>\n\n\n\n<p>Il est parfois mis \u00e0 disposition :<\/p>\n\n\n\n<ul class=\"wp-block-list\">\n<li>d\u02bc\u00e9glises de la vall\u00e9e, en qu\u00eate d\u02bcun lieu au vert pour des rencontres particuli\u00e8res<\/li>\n\n\n\n<li>d\u02bcassociations locales ayant besoin d\u02bcun lieu de rencontre<\/li>\n\n\n\n<li>des membres de l\u02bcassociation pour des \u00e9v\u00e8nements familiaux<\/li>\n<\/ul>\n\n\n\n<p>Il est ouvert \u00e0 tous, dans le respect de sa vocation et du fonctionnement communautaire. Le parking et les tables de pique-nique peuvent \u00eatre utilis\u00e9s en fonction des besoins de l\u02bcassembl\u00e9e et en veillant \u00e0 la propret\u00e9 des lieux.<\/p>\n\n\n\n<figure class=\"wp-block-image size-large\"><img loading=\"lazy\" decoding=\"async\" width=\"1024\" height=\"345\" src=\"http:\/\/agape-vercors.fr\/wp-content\/uploads\/2024\/10\/path169-1-1024x345.png\" alt=\"Logo de l'\u00e9glise agap\u00e9 du vercors\" class=\"wp-image-275\" srcset=\"https:\/\/agape-vercors.fr\/wp-content\/uploads\/2024\/10\/path169-1-1024x345.png 1024w, https:\/\/agape-vercors.fr\/wp-content\/uploads\/2024\/10\/path169-1-300x101.png 300w, https:\/\/agape-vercors.fr\/wp-content\/uploads\/2024\/10\/path169-1-768x259.png 768w, https:\/\/agape-vercors.fr\/wp-content\/uploads\/2024\/10\/path169-1-1536x518.png 1536w, https:\/\/agape-vercors.fr\/wp-content\/uploads\/2024\/10\/path169-1.png 1694w\" sizes=\"auto, (max-width: 1024px) 100vw, 1024px\" \/><\/figure>\n","protected":false},"excerpt":{"rendered":"<p>Agap\u00e9 du Vercors est une \u00c9glise Il s\u02bcagit d\u02bcune Eglise chr\u00e9tienne chr\u00e9tienne de confession protestante, admettant les grands principes de la R\u00e9forme du XVI\u00b0 si\u00e8cle, \u00e0 savoir que : Elle fait partie du courant \u00e9vang\u00e9lique, qui consid\u00e8re comme essentiels : Elle est membre des CAEF (Communaut\u00e9s et Assembl\u00e9e \u00c9vang\u00e9lique de France) ainsi que du CNEF [&hellip;]<\/p>\n","protected":false},"author":1,"featured_media":0,"parent":0,"menu_order":0,"comment_status":"closed","ping_status":"closed","template":"","meta":{"ocean_post_layout":"","ocean_both_sidebars_style":"","ocean_both_sidebars_content_width":0,"ocean_both_sidebars_sidebars_width":0,"ocean_sidebar":"","ocean_second_sidebar":"","ocean_disable_margins":"enable","ocean_add_body_class":"","ocean_shortcode_before_top_bar":"","ocean_shortcode_after_top_bar":"","ocean_shortcode_before_header":"","ocean_shortcode_after_header":"","ocean_has_shortcode":"","ocean_shortcode_after_title":"","ocean_shortcode_before_footer_widgets":"","ocean_shortcode_after_footer_widgets":"","ocean_shortcode_before_footer_bottom":"","ocean_shortcode_after_footer_bottom":"","ocean_display_top_bar":"default","ocean_display_header":"default","ocean_header_style":"","ocean_center_header_left_menu":"","ocean_custom_header_template":"","ocean_custom_logo":0,"ocean_custom_retina_logo":0,"ocean_custom_logo_max_width":0,"ocean_custom_logo_tablet_max_width":0,"ocean_custom_logo_mobile_max_width":0,"ocean_custom_logo_max_height":0,"ocean_custom_logo_tablet_max_height":0,"ocean_custom_logo_mobile_max_height":0,"ocean_header_custom_menu":"","ocean_menu_typo_font_family":"","ocean_menu_typo_font_subset":"","ocean_menu_typo_font_size":0,"ocean_menu_typo_font_size_tablet":0,"ocean_menu_typo_font_size_mobile":0,"ocean_menu_typo_font_size_unit":"px","ocean_menu_typo_font_weight":"","ocean_menu_typo_font_weight_tablet":"","ocean_menu_typo_font_weight_mobile":"","ocean_menu_typo_transform":"","ocean_menu_typo_transform_tablet":"","ocean_menu_typo_transform_mobile":"","ocean_menu_typo_line_height":0,"ocean_menu_typo_line_height_tablet":0,"ocean_menu_typo_line_height_mobile":0,"ocean_menu_typo_line_height_unit":"","ocean_menu_typo_spacing":0,"ocean_menu_typo_spacing_tablet":0,"ocean_menu_typo_spacing_mobile":0,"ocean_menu_typo_spacing_unit":"","ocean_menu_link_color":"","ocean_menu_link_color_hover":"","ocean_menu_link_color_active":"","ocean_menu_link_background":"","ocean_menu_link_hover_background":"","ocean_menu_link_active_background":"","ocean_menu_social_links_bg":"","ocean_menu_social_hover_links_bg":"","ocean_menu_social_links_color":"","ocean_menu_social_hover_links_color":"","ocean_disable_title":"default","ocean_disable_heading":"default","ocean_post_title":"","ocean_post_subheading":"","ocean_post_title_style":"","ocean_post_title_background_color":"","ocean_post_title_background":0,"ocean_post_title_bg_image_position":"","ocean_post_title_bg_image_attachment":"","ocean_post_title_bg_image_repeat":"","ocean_post_title_bg_image_size":"","ocean_post_title_height":0,"ocean_post_title_bg_overlay":0.5,"ocean_post_title_bg_overlay_color":"","ocean_disable_breadcrumbs":"default","ocean_breadcrumbs_color":"","ocean_breadcrumbs_separator_color":"","ocean_breadcrumbs_links_color":"","ocean_breadcrumbs_links_hover_color":"","ocean_display_footer_widgets":"default","ocean_display_footer_bottom":"default","ocean_custom_footer_template":"","footnotes":""},"class_list":["post-32","page","type-page","status-publish","hentry","entry"],"_links":{"self":[{"href":"https:\/\/agape-vercors.fr\/index.php\/wp-json\/wp\/v2\/pages\/32","targetHints":{"allow":["GET"]}}],"collection":[{"href":"https:\/\/agape-vercors.fr\/index.php\/wp-json\/wp\/v2\/pages"}],"about":[{"href":"https:\/\/agape-vercors.fr\/index.php\/wp-json\/wp\/v2\/types\/page"}],"author":[{"embeddable":true,"href":"https:\/\/agape-vercors.fr\/index.php\/wp-json\/wp\/v2\/users\/1"}],"replies":[{"embeddable":true,"href":"https:\/\/agape-vercors.fr\/index.php\/wp-json\/wp\/v2\/comments?post=32"}],"version-history":[{"count":16,"href":"https:\/\/agape-vercors.fr\/index.php\/wp-json\/wp\/v2\/pages\/32\/revisions"}],"predecessor-version":[{"id":285,"href":"https:\/\/agape-vercors.fr\/index.php\/wp-json\/wp\/v2\/pages\/32\/revisions\/285"}],"wp:attachment":[{"href":"https:\/\/agape-vercors.fr\/index.php\/wp-json\/wp\/v2\/media?parent=32"}],"curies":[{"name":"wp","href":"https:\/\/api.w.org\/{rel}","templated":true}]}}