{"id":2,"date":"2024-03-24T16:15:42","date_gmt":"2024-03-24T15:15:42","guid":{"rendered":"http:\/\/agape-vercors.fr\/?page_id=2"},"modified":"2024-10-08T20:57:10","modified_gmt":"2024-10-08T18:57:10","slug":"cultes-groupes-priere","status":"publish","type":"page","link":"https:\/\/agape-vercors.fr\/index.php\/cultes-groupes-priere\/","title":{"rendered":"Cultes et r\u00e9unions en semaine"},"content":{"rendered":"\n<p><\/p>\n\n\n\n<h2 class=\"wp-block-heading\">Cultes<\/h2>\n\n\n\n<p>Notre culte hebdomadaire a lieu <strong><mark style=\"background-color:rgba(0, 0, 0, 0)\" class=\"has-inline-color has-vivid-cyan-blue-color\">chaque dimanche \u00e0 partir de 10h00<\/mark><\/strong>. Nous nous y retrouvons pour exprimer \u00e0 Dieu nos remerciements, nos demandes, nos joies et nos peines, \u00e0 travers chants et pri\u00e8res. Nous lisons et m\u00e9ditons \u00e9galement ce que Dieu dit \u00e0 travers la Bible.<\/p>\n\n\n\n<h2 class=\"wp-block-heading\">Rencontres hebdomadaires<\/h2>\n\n\n\n<p>Toutes les semaines, nous nous retrouvons chez quelqu\u2019un :<\/p>\n\n\n\n<ul class=\"wp-block-list\">\n<li>Le <strong><mark style=\"background-color:rgba(0, 0, 0, 0)\" class=\"has-inline-color has-vivid-cyan-blue-color\">lundi \u00e0 10h<\/mark> <\/strong>pour prier ensemble<\/li>\n\n\n\n<li>Le <strong><mark style=\"background-color:rgba(0, 0, 0, 0)\" class=\"has-inline-color has-vivid-cyan-blue-color\">jeudi \u00e0 20h30<\/mark><\/strong> pour partager autour d\u2019un sujet biblique et de la vie dans la foi.<\/li>\n<\/ul>\n\n\n<div class=\"wp-block-image is-style-default\">\n<figure class=\"aligncenter size-large\"><img loading=\"lazy\" decoding=\"async\" width=\"1024\" height=\"345\" src=\"https:\/\/agape-vercors.fr\/wp-content\/uploads\/2024\/10\/path169-1-1024x345.png\" alt=\"Logo de l'\u00e9glise Agape Du vercors\" class=\"wp-image-275\" srcset=\"https:\/\/agape-vercors.fr\/wp-content\/uploads\/2024\/10\/path169-1-1024x345.png 1024w, https:\/\/agape-vercors.fr\/wp-content\/uploads\/2024\/10\/path169-1-300x101.png 300w, https:\/\/agape-vercors.fr\/wp-content\/uploads\/2024\/10\/path169-1-768x259.png 768w, https:\/\/agape-vercors.fr\/wp-content\/uploads\/2024\/10\/path169-1-1536x518.png 1536w, https:\/\/agape-vercors.fr\/wp-content\/uploads\/2024\/10\/path169-1.png 1694w\" sizes=\"auto, (max-width: 1024px) 100vw, 1024px\" \/><\/figure>\n<\/div>","protected":false},"excerpt":{"rendered":"<p>Cultes Notre culte hebdomadaire a lieu chaque dimanche \u00e0 partir de 10h00. Nous nous y retrouvons pour exprimer \u00e0 Dieu nos remerciements, nos demandes, nos joies et nos peines, \u00e0 travers chants et pri\u00e8res. Nous lisons et m\u00e9ditons \u00e9galement ce que Dieu dit \u00e0 travers la Bible. Rencontres hebdomadaires Toutes les semaines, nous nous retrouvons [&hellip;]<\/p>\n","protected":false},"author":1,"featured_media":0,"parent":0,"menu_order":0,"comment_status":"closed","ping_status":"open","template":"","meta":{"ocean_post_layout":"","ocean_both_sidebars_style":"","ocean_both_sidebars_content_width":0,"ocean_both_sidebars_sidebars_width":0,"ocean_sidebar":"","ocean_second_sidebar":"","ocean_disable_margins":"enable","ocean_add_body_class":"","ocean_shortcode_before_top_bar":"","ocean_shortcode_after_top_bar":"","ocean_shortcode_before_header":"","ocean_shortcode_after_header":"","ocean_has_shortcode":"","ocean_shortcode_after_title":"","ocean_shortcode_before_footer_widgets":"","ocean_shortcode_after_footer_widgets":"","ocean_shortcode_before_footer_bottom":"","ocean_shortcode_after_footer_bottom":"","ocean_display_top_bar":"default","ocean_display_header":"default","ocean_header_style":"","ocean_center_header_left_menu":"","ocean_custom_header_template":"","ocean_custom_logo":0,"ocean_custom_retina_logo":0,"ocean_custom_logo_max_width":0,"ocean_custom_logo_tablet_max_width":0,"ocean_custom_logo_mobile_max_width":0,"ocean_custom_logo_max_height":0,"ocean_custom_logo_tablet_max_height":0,"ocean_custom_logo_mobile_max_height":0,"ocean_header_custom_menu":"","ocean_menu_typo_font_family":"","ocean_menu_typo_font_subset":"","ocean_menu_typo_font_size":0,"ocean_menu_typo_font_size_tablet":0,"ocean_menu_typo_font_size_mobile":0,"ocean_menu_typo_font_size_unit":"px","ocean_menu_typo_font_weight":"","ocean_menu_typo_font_weight_tablet":"","ocean_menu_typo_font_weight_mobile":"","ocean_menu_typo_transform":"","ocean_menu_typo_transform_tablet":"","ocean_menu_typo_transform_mobile":"","ocean_menu_typo_line_height":0,"ocean_menu_typo_line_height_tablet":0,"ocean_menu_typo_line_height_mobile":0,"ocean_menu_typo_line_height_unit":"","ocean_menu_typo_spacing":0,"ocean_menu_typo_spacing_tablet":0,"ocean_menu_typo_spacing_mobile":0,"ocean_menu_typo_spacing_unit":"","ocean_menu_link_color":"","ocean_menu_link_color_hover":"","ocean_menu_link_color_active":"","ocean_menu_link_background":"","ocean_menu_link_hover_background":"","ocean_menu_link_active_background":"","ocean_menu_social_links_bg":"","ocean_menu_social_hover_links_bg":"","ocean_menu_social_links_color":"","ocean_menu_social_hover_links_color":"","ocean_disable_title":"default","ocean_disable_heading":"default","ocean_post_title":"","ocean_post_subheading":"","ocean_post_title_style":"","ocean_post_title_background_color":"","ocean_post_title_background":0,"ocean_post_title_bg_image_position":"","ocean_post_title_bg_image_attachment":"","ocean_post_title_bg_image_repeat":"","ocean_post_title_bg_image_size":"","ocean_post_title_height":0,"ocean_post_title_bg_overlay":0.5,"ocean_post_title_bg_overlay_color":"","ocean_disable_breadcrumbs":"default","ocean_breadcrumbs_color":"","ocean_breadcrumbs_separator_color":"","ocean_breadcrumbs_links_color":"","ocean_breadcrumbs_links_hover_color":"","ocean_display_footer_widgets":"default","ocean_display_footer_bottom":"default","ocean_custom_footer_template":"","footnotes":""},"class_list":["post-2","page","type-page","status-publish","hentry","entry"],"_links":{"self":[{"href":"https:\/\/agape-vercors.fr\/index.php\/wp-json\/wp\/v2\/pages\/2","targetHints":{"allow":["GET"]}}],"collection":[{"href":"https:\/\/agape-vercors.fr\/index.php\/wp-json\/wp\/v2\/pages"}],"about":[{"href":"https:\/\/agape-vercors.fr\/index.php\/wp-json\/wp\/v2\/types\/page"}],"author":[{"embeddable":true,"href":"https:\/\/agape-vercors.fr\/index.php\/wp-json\/wp\/v2\/users\/1"}],"replies":[{"embeddable":true,"href":"https:\/\/agape-vercors.fr\/index.php\/wp-json\/wp\/v2\/comments?post=2"}],"version-history":[{"count":14,"href":"https:\/\/agape-vercors.fr\/index.php\/wp-json\/wp\/v2\/pages\/2\/revisions"}],"predecessor-version":[{"id":277,"href":"https:\/\/agape-vercors.fr\/index.php\/wp-json\/wp\/v2\/pages\/2\/revisions\/277"}],"wp:attachment":[{"href":"https:\/\/agape-vercors.fr\/index.php\/wp-json\/wp\/v2\/media?parent=2"}],"curies":[{"name":"wp","href":"https:\/\/api.w.org\/{rel}","templated":true}]}}